{"id":2205,"date":"2023-11-09T13:34:03","date_gmt":"2023-11-09T16:34:03","guid":{"rendered":"https:\/\/agrocave.com.br\/sobre-nos\/"},"modified":"2024-03-25T09:54:54","modified_gmt":"2024-03-25T12:54:54","slug":"sobre-nos","status":"publish","type":"page","link":"https:\/\/agrocave.com.br\/es\/sobre-nos\/","title":{"rendered":"SOBRE NOSOSTROS"},"content":{"rendered":"\t\t<div data-elementor-type=\"wp-page\" data-elementor-id=\"2205\" class=\"elementor elementor-2205 elementor-1141\" data-elementor-post-type=\"page\">\n\t\t\t\t<div class=\"elementor-element elementor-element-82c1c9a e-flex e-con-boxed e-con e-parent\" data-id=\"82c1c9a\" data-element_type=\"container\" data-e-type=\"container\" data-settings=\"{&quot;background_background&quot;:&quot;classic&quot;}\">\n\t\t\t\t\t<div class=\"e-con-inner\">\n\t\t\t\t<div class=\"elementor-element elementor-element-9cb12ae elementor-widget elementor-widget-heading\" data-id=\"9cb12ae\" data-element_type=\"widget\" data-e-type=\"widget\" data-widget_type=\"heading.default\">\n\t\t\t\t<div class=\"elementor-widget-container\">\n\t\t\t\t\t<h1 class=\"elementor-heading-title elementor-size-default\">SOBRE NOSOSTROS<\/h1>\t\t\t\t<\/div>\n\t\t\t\t<\/div>\n\t\t\t\t<div class=\"elementor-element elementor-element-f40be5d elementor-widget elementor-widget-heading\" data-id=\"f40be5d\" data-element_type=\"widget\" data-e-type=\"widget\" data-widget_type=\"heading.default\">\n\t\t\t\t<div class=\"elementor-widget-container\">\n\t\t\t\t\t<p class=\"elementor-heading-title elementor-size-default\">Descubre m\u00e1s sobre Agrocave<\/p>\t\t\t\t<\/div>\n\t\t\t\t<\/div>\n\t\t\t\t\t<\/div>\n\t\t\t\t<\/div>\n\t\t<div class=\"elementor-element elementor-element-40004ef e-flex e-con-boxed e-con e-parent\" data-id=\"40004ef\" data-element_type=\"container\" data-e-type=\"container\">\n\t\t\t\t\t<div class=\"e-con-inner\">\n\t\t<div class=\"elementor-element elementor-element-cf621d6 e-con-full e-flex e-con e-child\" data-id=\"cf621d6\" data-element_type=\"container\" data-e-type=\"container\">\n\t\t\t\t<div class=\"elementor-element elementor-element-3f690ee elementor-widget elementor-widget-text-editor\" data-id=\"3f690ee\" data-element_type=\"widget\" data-e-type=\"widget\" data-widget_type=\"text-editor.default\">\n\t\t\t\t<div class=\"elementor-widget-container\">\n\t\t\t\t\t\t\t\t\t<p>Desde 1999, <strong>AGROCAVE<\/strong> se ha convertido en l\u00edder en el segmento de suplementos alimenticios para ganado y mascotas en todo Brasil. Trabajamos con sofisticadas habilidades en el desarrollo de productos destinados a la salud y el bienestar de los animales, promoviendo una mejor absorci\u00f3n nutricional de su alimentaci\u00f3n habitual y asi reduciendo y previniendo problemas de salud y reduciendo costos veterinarios y de medicamentos.<\/p><p>Nuestro trabajo y estudios se centran en comprender los sistemas y procesos del tracto gastrointestinal animal. Nuestros t\u00e9cnicos y veterinarios formulan una extensa l\u00ednea de<strong> Suplementos Nutricionales<\/strong> como N\u00facleo y Premezclas,\u00a0incluyendo Prebi\u00f3ticos, Probi\u00f3ticos y Simbi\u00f3ticos dentro de estrictos est\u00e1ndares y certificaciones gubernamentales.<\/p><p>La l\u00ednea Pet de suplementos nutricionales <strong>&#8216;ORGANO&#8217;<\/strong> para Perros y Gatos es el resultado natural de la exigencia de los consumidores de este segmento, donde Brasil es el segundo mercado m\u00e1s grande del mundo y que buscan mejor calidad de vida para sus Mascotas.<\/p><p>La l\u00ednea de productos para Ganader\u00eda y Animales de Producci\u00f3n &#8211; bovinos, equinos, aves, porcinos, caprinos y ovinos &#8211; es nuestra ra\u00edz como empresa. Operamos en un mercado altamente exigente y participamos de una cadena de negocios donde Brasil es l\u00edder mundial en la producci\u00f3n de prote\u00edna animal y el desarrollo de reba\u00f1os calificados.<\/p><p>Nuestra marca y nuestros productos ya comienzan a llegar al mercado internacional con nuestras primeras exportaciones en marcha, incluidas nuestras exitosas alternativas de producci\u00f3n de<strong> &#8216;private label&#8217;<\/strong> para los mercados extranjeros, con la misma calidad que hacemos para decenas de clientes corporativos en Brasil.<\/p><p>Esto es s\u00f3lo una parte de nuestra historia lograda gracias a la dedicaci\u00f3n de nuestros empleados y la confianza de nuestros clientes.<\/p><p><strong>Muchas gracias.<\/strong><\/p><p>Carlos Ribeiro \u2013 CEO y Fundador<\/p>\t\t\t\t\t\t\t\t<\/div>\n\t\t\t\t<\/div>\n\t\t\t\t<\/div>\n\t\t<div class=\"elementor-element elementor-element-007f4f1 e-con-full e-flex e-con e-child\" data-id=\"007f4f1\" data-element_type=\"container\" data-e-type=\"container\">\n\t\t\t\t<div class=\"elementor-element elementor-element-4c69e2b elementor-widget elementor-widget-video\" data-id=\"4c69e2b\" data-element_type=\"widget\" data-e-type=\"widget\" data-settings=\"{&quot;youtube_url&quot;:&quot;https:\\\/\\\/www.youtube.com\\\/watch?v=vLcu8cNGnU4&quot;,&quot;video_type&quot;:&quot;youtube&quot;,&quot;controls&quot;:&quot;yes&quot;}\" data-widget_type=\"video.default\">\n\t\t\t\t<div class=\"elementor-widget-container\">\n\t\t\t\t\t\t\t<div class=\"elementor-wrapper elementor-open-inline\">\n\t\t\t<div class=\"elementor-video\"><\/div>\t\t<\/div>\n\t\t\t\t\t\t<\/div>\n\t\t\t\t<\/div>\n\t\t\t\t<div class=\"elementor-element elementor-element-48d4bb5 elementor-arrows-position-inside elementor-widget elementor-widget-image-carousel\" data-id=\"48d4bb5\" data-element_type=\"widget\" data-e-type=\"widget\" data-settings=\"{&quot;slides_to_show&quot;:&quot;2&quot;,&quot;navigation&quot;:&quot;arrows&quot;,&quot;autoplay&quot;:&quot;yes&quot;,&quot;pause_on_hover&quot;:&quot;yes&quot;,&quot;pause_on_interaction&quot;:&quot;yes&quot;,&quot;autoplay_speed&quot;:5000,&quot;infinite&quot;:&quot;yes&quot;,&quot;speed&quot;:500,&quot;image_spacing_custom&quot;:{&quot;unit&quot;:&quot;px&quot;,&quot;size&quot;:20,&quot;sizes&quot;:[]},&quot;image_spacing_custom_tablet&quot;:{&quot;unit&quot;:&quot;px&quot;,&quot;size&quot;:&quot;&quot;,&quot;sizes&quot;:[]},&quot;image_spacing_custom_mobile&quot;:{&quot;unit&quot;:&quot;px&quot;,&quot;size&quot;:&quot;&quot;,&quot;sizes&quot;:[]}}\" data-widget_type=\"image-carousel.default\">\n\t\t\t\t<div class=\"elementor-widget-container\">\n\t\t\t\t\t\t\t<div class=\"elementor-image-carousel-wrapper swiper\" role=\"region\" aria-roledescription=\"carousel\" aria-label=\"Carrusel de im\u00e1genes\" dir=\"ltr\">\n\t\t\t<div class=\"elementor-image-carousel swiper-wrapper\" aria-live=\"off\">\n\t\t\t\t\t\t\t\t<div class=\"swiper-slide\" role=\"group\" aria-roledescription=\"slide\" aria-label=\"1 de 8\"><a data-elementor-open-lightbox=\"yes\" data-elementor-lightbox-slideshow=\"48d4bb5\" data-e-action-hash=\"#elementor-action%3Aaction%3Dlightbox%26settings%3DeyJpZCI6IjMzMDMiLCJ1cmwiOiJodHRwczpcL1wvYWdyb2NhdmUuY29tLmJyXC93cC1jb250ZW50XC91cGxvYWRzXC8yMDI0XC8wMVwvZm90bzEtMS5qcGVnIiwic2xpZGVzaG93IjoiNDhkNGJiNSJ9\" href=\"https:\/\/agrocave.com.br\/wp-content\/uploads\/2024\/01\/foto1-1.jpeg\"><figure class=\"swiper-slide-inner\"><img decoding=\"async\" class=\"swiper-slide-image\" src=\"https:\/\/agrocave.com.br\/wp-content\/uploads\/elementor\/thumbs\/foto1-1-qijrm9d9s863eh49r36r1vxu3vya42wxyu12of7jy0.jpeg\" alt=\"foto1.jpeg\" \/><\/figure><\/a><\/div><div class=\"swiper-slide\" role=\"group\" aria-roledescription=\"slide\" aria-label=\"2 de 8\"><a data-elementor-open-lightbox=\"yes\" data-elementor-lightbox-slideshow=\"48d4bb5\" data-e-action-hash=\"#elementor-action%3Aaction%3Dlightbox%26settings%3DeyJpZCI6IjMzMDYiLCJ1cmwiOiJodHRwczpcL1wvYWdyb2NhdmUuY29tLmJyXC93cC1jb250ZW50XC91cGxvYWRzXC8yMDI0XC8wMVwvZm90bzItMS5qcGVnIiwic2xpZGVzaG93IjoiNDhkNGJiNSJ9\" href=\"https:\/\/agrocave.com.br\/wp-content\/uploads\/2024\/01\/foto2-1.jpeg\"><figure class=\"swiper-slide-inner\"><img decoding=\"async\" class=\"swiper-slide-image\" src=\"https:\/\/agrocave.com.br\/wp-content\/uploads\/elementor\/thumbs\/foto2-1-qijrmab3z27dq32wllldmdpap9tnbs0oayok5p65rs.jpeg\" alt=\"foto2.jpeg\" \/><\/figure><\/a><\/div><div class=\"swiper-slide\" role=\"group\" aria-roledescription=\"slide\" aria-label=\"3 de 8\"><a data-elementor-open-lightbox=\"yes\" data-elementor-lightbox-slideshow=\"48d4bb5\" data-e-action-hash=\"#elementor-action%3Aaction%3Dlightbox%26settings%3DeyJpZCI6IjMzMDkiLCJ1cmwiOiJodHRwczpcL1wvYWdyb2NhdmUuY29tLmJyXC93cC1jb250ZW50XC91cGxvYWRzXC8yMDI0XC8wMVwvZm90bzUtMS5qcGVnIiwic2xpZGVzaG93IjoiNDhkNGJiNSJ9\" href=\"https:\/\/agrocave.com.br\/wp-content\/uploads\/2024\/01\/foto5-1.jpeg\"><figure class=\"swiper-slide-inner\"><img decoding=\"async\" class=\"swiper-slide-image\" src=\"https:\/\/agrocave.com.br\/wp-content\/uploads\/elementor\/thumbs\/foto5-1-qijrmb8y5w8o1p1jg4006vgranp0jh4en3c1mz4rlk.jpeg\" alt=\"foto5.jpeg\" \/><\/figure><\/a><\/div><div class=\"swiper-slide\" role=\"group\" aria-roledescription=\"slide\" aria-label=\"4 de 8\"><a data-elementor-open-lightbox=\"yes\" data-elementor-lightbox-slideshow=\"48d4bb5\" data-e-action-hash=\"#elementor-action%3Aaction%3Dlightbox%26settings%3DeyJpZCI6IjMzMTIiLCJ1cmwiOiJodHRwczpcL1wvYWdyb2NhdmUuY29tLmJyXC93cC1jb250ZW50XC91cGxvYWRzXC8yMDI0XC8wMVwvZm90bzQtMS5qcGVnIiwic2xpZGVzaG93IjoiNDhkNGJiNSJ9\" href=\"https:\/\/agrocave.com.br\/wp-content\/uploads\/2024\/01\/foto4-1.jpeg\"><figure class=\"swiper-slide-inner\"><img decoding=\"async\" class=\"swiper-slide-image\" src=\"https:\/\/agrocave.com.br\/wp-content\/uploads\/elementor\/thumbs\/foto4-1-qijrmc6scq9ydb06amemrd87w1kdr684z7zj493dfc.jpeg\" alt=\"foto4.jpeg\" \/><\/figure><\/a><\/div><div class=\"swiper-slide\" role=\"group\" aria-roledescription=\"slide\" aria-label=\"5 de 8\"><a data-elementor-open-lightbox=\"yes\" data-elementor-lightbox-slideshow=\"48d4bb5\" data-e-action-hash=\"#elementor-action%3Aaction%3Dlightbox%26settings%3DeyJpZCI6IjMzMTUiLCJ1cmwiOiJodHRwczpcL1wvYWdyb2NhdmUuY29tLmJyXC93cC1jb250ZW50XC91cGxvYWRzXC8yMDI0XC8wMVwvZm90bzgtMS5qcGVnIiwic2xpZGVzaG93IjoiNDhkNGJiNSJ9\" href=\"https:\/\/agrocave.com.br\/wp-content\/uploads\/2024\/01\/foto8-1.jpeg\"><figure class=\"swiper-slide-inner\"><img decoding=\"async\" class=\"swiper-slide-image\" src=\"https:\/\/agrocave.com.br\/wp-content\/uploads\/elementor\/thumbs\/foto8-1-qijrmd4mjkb8owyt54t9buzohffqyvbvbcn0lj1z94.jpeg\" alt=\"foto8.jpeg\" \/><\/figure><\/a><\/div><div class=\"swiper-slide\" role=\"group\" aria-roledescription=\"slide\" aria-label=\"6 de 8\"><a data-elementor-open-lightbox=\"yes\" data-elementor-lightbox-slideshow=\"48d4bb5\" data-e-action-hash=\"#elementor-action%3Aaction%3Dlightbox%26settings%3DeyJpZCI6IjMzMTgiLCJ1cmwiOiJodHRwczpcL1wvYWdyb2NhdmUuY29tLmJyXC93cC1jb250ZW50XC91cGxvYWRzXC8yMDI0XC8wMVwvZm90bzctMS5qcGVnIiwic2xpZGVzaG93IjoiNDhkNGJiNSJ9\" href=\"https:\/\/agrocave.com.br\/wp-content\/uploads\/2024\/01\/foto7-1.jpeg\"><figure class=\"swiper-slide-inner\"><img decoding=\"async\" class=\"swiper-slide-image\" src=\"https:\/\/agrocave.com.br\/wp-content\/uploads\/elementor\/thumbs\/foto7-1-qijrmf0ax8dtc4w2u5miguilo76he9jbzlxzk2z6wo.jpeg\" alt=\"foto7.jpeg\" \/><\/figure><\/a><\/div><div class=\"swiper-slide\" role=\"group\" aria-roledescription=\"slide\" aria-label=\"7 de 8\"><a data-elementor-open-lightbox=\"yes\" data-elementor-lightbox-slideshow=\"48d4bb5\" data-e-action-hash=\"#elementor-action%3Aaction%3Dlightbox%26settings%3DeyJpZCI6IjMzMjEiLCJ1cmwiOiJodHRwczpcL1wvYWdyb2NhdmUuY29tLmJyXC93cC1jb250ZW50XC91cGxvYWRzXC8yMDI0XC8wMVwvZm90bzYtMS5qcGVnIiwic2xpZGVzaG93IjoiNDhkNGJiNSJ9\" href=\"https:\/\/agrocave.com.br\/wp-content\/uploads\/2024\/01\/foto6-1.jpeg\"><figure class=\"swiper-slide-inner\"><img decoding=\"async\" class=\"swiper-slide-image\" src=\"https:\/\/agrocave.com.br\/wp-content\/uploads\/elementor\/thumbs\/foto6-1-qijrmfy542f3nqupoo151ca29l1ulyn2bqlh1cxsqg.jpeg\" alt=\"foto6.jpeg\" \/><\/figure><\/a><\/div><div class=\"swiper-slide\" role=\"group\" aria-roledescription=\"slide\" aria-label=\"8 de 8\"><a data-elementor-open-lightbox=\"yes\" data-elementor-lightbox-slideshow=\"48d4bb5\" data-e-action-hash=\"#elementor-action%3Aaction%3Dlightbox%26settings%3DeyJpZCI6IjMzMjQiLCJ1cmwiOiJodHRwczpcL1wvYWdyb2NhdmUuY29tLmJyXC93cC1jb250ZW50XC91cGxvYWRzXC8yMDI0XC8wMVwvZm90bzMtMS5qcGVnIiwic2xpZGVzaG93IjoiNDhkNGJiNSJ9\" href=\"https:\/\/agrocave.com.br\/wp-content\/uploads\/2024\/01\/foto3-1.jpeg\"><figure class=\"swiper-slide-inner\"><img decoding=\"async\" class=\"swiper-slide-image\" src=\"https:\/\/agrocave.com.br\/wp-content\/uploads\/elementor\/thumbs\/foto3-1-qijrmgvzawgdzctcj6frlu1iuyx7tnqsnv8yimwek8.jpeg\" alt=\"foto3.jpeg\" \/><\/figure><\/a><\/div>\t\t\t<\/div>\n\t\t\t\t\t\t\t\t\t\t\t\t<div class=\"elementor-swiper-button elementor-swiper-button-prev\" role=\"button\" tabindex=\"0\">\n\t\t\t\t\t\t<svg aria-hidden=\"true\" class=\"e-font-icon-svg e-eicon-chevron-left\" viewBox=\"0 0 1000 1000\" xmlns=\"http:\/\/www.w3.org\/2000\/svg\"><path d=\"M646 125C629 125 613 133 604 142L308 442C296 454 292 471 292 487 292 504 296 521 308 533L604 854C617 867 629 875 646 875 663 875 679 871 692 858 704 846 713 829 713 812 713 796 708 779 692 767L438 487 692 225C700 217 708 204 708 187 708 171 704 154 692 142 675 129 663 125 646 125Z\"><\/path><\/svg>\t\t\t\t\t<\/div>\n\t\t\t\t\t<div class=\"elementor-swiper-button elementor-swiper-button-next\" role=\"button\" tabindex=\"0\">\n\t\t\t\t\t\t<svg aria-hidden=\"true\" class=\"e-font-icon-svg e-eicon-chevron-right\" viewBox=\"0 0 1000 1000\" xmlns=\"http:\/\/www.w3.org\/2000\/svg\"><path d=\"M696 533C708 521 713 504 713 487 713 471 708 454 696 446L400 146C388 133 375 125 354 125 338 125 325 129 313 142 300 154 292 171 292 187 292 204 296 221 308 233L563 492 304 771C292 783 288 800 288 817 288 833 296 850 308 863 321 871 338 875 354 875 371 875 388 867 400 854L696 533Z\"><\/path><\/svg>\t\t\t\t\t<\/div>\n\t\t\t\t\n\t\t\t\t\t\t\t\t\t<\/div>\n\t\t\t\t\t\t<\/div>\n\t\t\t\t<\/div>\n\t\t\t\t<\/div>\n\t\t\t\t\t<\/div>\n\t\t\t\t<\/div>\n\t\t\t\t<\/div>\n\t\t","protected":false},"excerpt":{"rendered":"<p>SOBRE NOSOSTROS Descubre m\u00e1s sobre Agrocave Desde 1999, AGROCAVE se ha convertido en l\u00edder en el segmento de suplementos alimenticios para ganado y mascotas en todo Brasil. Trabajamos con sofisticadas habilidades en el desarrollo de productos destinados a la salud y el bienestar de los animales, promoviendo una mejor absorci\u00f3n nutricional de su alimentaci\u00f3n habitual [&hellip;]<\/p>\n","protected":false},"author":1,"featured_media":0,"parent":0,"menu_order":0,"comment_status":"closed","ping_status":"closed","template":"","meta":{"inline_featured_image":false,"footnotes":""},"class_list":["post-2205","page","type-page","status-publish","hentry"],"_links":{"self":[{"href":"https:\/\/agrocave.com.br\/es\/wp-json\/wp\/v2\/pages\/2205","targetHints":{"allow":["GET"]}}],"collection":[{"href":"https:\/\/agrocave.com.br\/es\/wp-json\/wp\/v2\/pages"}],"about":[{"href":"https:\/\/agrocave.com.br\/es\/wp-json\/wp\/v2\/types\/page"}],"author":[{"embeddable":true,"href":"https:\/\/agrocave.com.br\/es\/wp-json\/wp\/v2\/users\/1"}],"replies":[{"embeddable":true,"href":"https:\/\/agrocave.com.br\/es\/wp-json\/wp\/v2\/comments?post=2205"}],"version-history":[{"count":34,"href":"https:\/\/agrocave.com.br\/es\/wp-json\/wp\/v2\/pages\/2205\/revisions"}],"predecessor-version":[{"id":3679,"href":"https:\/\/agrocave.com.br\/es\/wp-json\/wp\/v2\/pages\/2205\/revisions\/3679"}],"wp:attachment":[{"href":"https:\/\/agrocave.com.br\/es\/wp-json\/wp\/v2\/media?parent=2205"}],"curies":[{"name":"wp","href":"https:\/\/api.w.org\/{rel}","templated":true}]}}