{"id":2777,"date":"2023-12-14T08:30:45","date_gmt":"2023-12-14T11:30:45","guid":{"rendered":"https:\/\/agrocave.com.br\/mercado-internacional\/"},"modified":"2024-03-14T17:21:22","modified_gmt":"2024-03-14T20:21:22","slug":"mercado-internacional","status":"publish","type":"page","link":"https:\/\/agrocave.com.br\/es\/mercado-internacional\/","title":{"rendered":"Mercado Internacional"},"content":{"rendered":"\t\t<div data-elementor-type=\"wp-page\" data-elementor-id=\"2777\" class=\"elementor elementor-2777 elementor-2015\" data-elementor-post-type=\"page\">\n\t\t\t\t<div class=\"elementor-element elementor-element-6047728 e-flex e-con-boxed e-con e-parent\" data-id=\"6047728\" data-element_type=\"container\" data-e-type=\"container\" data-settings=\"{&quot;background_background&quot;:&quot;classic&quot;}\">\n\t\t\t\t\t<div class=\"e-con-inner\">\n\t\t\t\t<div class=\"elementor-element elementor-element-1ee66d9 elementor-widget elementor-widget-heading\" data-id=\"1ee66d9\" data-element_type=\"widget\" data-e-type=\"widget\" data-widget_type=\"heading.default\">\n\t\t\t\t<div class=\"elementor-widget-container\">\n\t\t\t\t\t<h1 class=\"elementor-heading-title elementor-size-default\">MERCADO INTERNACIONAL<\/h1>\t\t\t\t<\/div>\n\t\t\t\t<\/div>\n\t\t\t\t<div class=\"elementor-element elementor-element-28cc3ea elementor-widget elementor-widget-heading\" data-id=\"28cc3ea\" data-element_type=\"widget\" data-e-type=\"widget\" data-widget_type=\"heading.default\">\n\t\t\t\t<div class=\"elementor-widget-container\">\n\t\t\t\t\t<p class=\"elementor-heading-title elementor-size-default\">Calidad y tecnolog\u00eda brasile\u00f1a para el mundo<\/p>\t\t\t\t<\/div>\n\t\t\t\t<\/div>\n\t\t\t\t\t<\/div>\n\t\t\t\t<\/div>\n\t\t<div class=\"elementor-element elementor-element-02c392c e-flex e-con-boxed e-con e-parent\" data-id=\"02c392c\" data-element_type=\"container\" data-e-type=\"container\">\n\t\t\t\t\t<div class=\"e-con-inner\">\n\t\t<div class=\"elementor-element elementor-element-21d8e95 e-con-full e-flex e-con e-child\" data-id=\"21d8e95\" data-element_type=\"container\" data-e-type=\"container\">\n\t\t\t\t<div class=\"elementor-element elementor-element-20219ca elementor-arrows-position-inside elementor-widget elementor-widget-image-carousel\" data-id=\"20219ca\" data-element_type=\"widget\" data-e-type=\"widget\" data-settings=\"{&quot;slides_to_show&quot;:&quot;4&quot;,&quot;navigation&quot;:&quot;arrows&quot;,&quot;autoplay&quot;:&quot;yes&quot;,&quot;pause_on_hover&quot;:&quot;yes&quot;,&quot;pause_on_interaction&quot;:&quot;yes&quot;,&quot;autoplay_speed&quot;:5000,&quot;infinite&quot;:&quot;yes&quot;,&quot;speed&quot;:500,&quot;image_spacing_custom&quot;:{&quot;unit&quot;:&quot;px&quot;,&quot;size&quot;:20,&quot;sizes&quot;:[]},&quot;image_spacing_custom_tablet&quot;:{&quot;unit&quot;:&quot;px&quot;,&quot;size&quot;:&quot;&quot;,&quot;sizes&quot;:[]},&quot;image_spacing_custom_mobile&quot;:{&quot;unit&quot;:&quot;px&quot;,&quot;size&quot;:&quot;&quot;,&quot;sizes&quot;:[]}}\" data-widget_type=\"image-carousel.default\">\n\t\t\t\t<div class=\"elementor-widget-container\">\n\t\t\t\t\t\t\t<div class=\"elementor-image-carousel-wrapper swiper\" role=\"region\" aria-roledescription=\"carousel\" aria-label=\"Carrusel de im\u00e1genes\" dir=\"ltr\">\n\t\t\t<div class=\"elementor-image-carousel swiper-wrapper\" aria-live=\"off\">\n\t\t\t\t\t\t\t\t<div class=\"swiper-slide\" role=\"group\" aria-roledescription=\"slide\" aria-label=\"1 de 8\"><a data-elementor-open-lightbox=\"yes\" data-elementor-lightbox-slideshow=\"20219ca\" data-e-action-hash=\"#elementor-action%3Aaction%3Dlightbox%26settings%3DeyJpZCI6IjMzMDMiLCJ1cmwiOiJodHRwczpcL1wvYWdyb2NhdmUuY29tLmJyXC93cC1jb250ZW50XC91cGxvYWRzXC8yMDI0XC8wMVwvZm90bzEtMS5qcGVnIiwic2xpZGVzaG93IjoiMjAyMTljYSJ9\" href=\"https:\/\/agrocave.com.br\/wp-content\/uploads\/2024\/01\/foto1-1.jpeg\"><figure class=\"swiper-slide-inner\"><img decoding=\"async\" class=\"swiper-slide-image\" src=\"https:\/\/agrocave.com.br\/wp-content\/uploads\/elementor\/thumbs\/foto1-1-qijrm9d9s863eh49r36r1vxu3vya42wxyu12of7jy0.jpeg\" alt=\"foto1.jpeg\" \/><\/figure><\/a><\/div><div class=\"swiper-slide\" role=\"group\" aria-roledescription=\"slide\" aria-label=\"2 de 8\"><a data-elementor-open-lightbox=\"yes\" data-elementor-lightbox-slideshow=\"20219ca\" data-e-action-hash=\"#elementor-action%3Aaction%3Dlightbox%26settings%3DeyJpZCI6IjMzMDYiLCJ1cmwiOiJodHRwczpcL1wvYWdyb2NhdmUuY29tLmJyXC93cC1jb250ZW50XC91cGxvYWRzXC8yMDI0XC8wMVwvZm90bzItMS5qcGVnIiwic2xpZGVzaG93IjoiMjAyMTljYSJ9\" href=\"https:\/\/agrocave.com.br\/wp-content\/uploads\/2024\/01\/foto2-1.jpeg\"><figure class=\"swiper-slide-inner\"><img decoding=\"async\" class=\"swiper-slide-image\" src=\"https:\/\/agrocave.com.br\/wp-content\/uploads\/elementor\/thumbs\/foto2-1-qijrmab3z27dq32wllldmdpap9tnbs0oayok5p65rs.jpeg\" alt=\"foto2.jpeg\" \/><\/figure><\/a><\/div><div class=\"swiper-slide\" role=\"group\" aria-roledescription=\"slide\" aria-label=\"3 de 8\"><a data-elementor-open-lightbox=\"yes\" data-elementor-lightbox-slideshow=\"20219ca\" data-e-action-hash=\"#elementor-action%3Aaction%3Dlightbox%26settings%3DeyJpZCI6IjMzMDkiLCJ1cmwiOiJodHRwczpcL1wvYWdyb2NhdmUuY29tLmJyXC93cC1jb250ZW50XC91cGxvYWRzXC8yMDI0XC8wMVwvZm90bzUtMS5qcGVnIiwic2xpZGVzaG93IjoiMjAyMTljYSJ9\" href=\"https:\/\/agrocave.com.br\/wp-content\/uploads\/2024\/01\/foto5-1.jpeg\"><figure class=\"swiper-slide-inner\"><img decoding=\"async\" class=\"swiper-slide-image\" src=\"https:\/\/agrocave.com.br\/wp-content\/uploads\/elementor\/thumbs\/foto5-1-qijrmb8y5w8o1p1jg4006vgranp0jh4en3c1mz4rlk.jpeg\" alt=\"foto5.jpeg\" \/><\/figure><\/a><\/div><div class=\"swiper-slide\" role=\"group\" aria-roledescription=\"slide\" aria-label=\"4 de 8\"><a data-elementor-open-lightbox=\"yes\" data-elementor-lightbox-slideshow=\"20219ca\" data-e-action-hash=\"#elementor-action%3Aaction%3Dlightbox%26settings%3DeyJpZCI6IjMzMTIiLCJ1cmwiOiJodHRwczpcL1wvYWdyb2NhdmUuY29tLmJyXC93cC1jb250ZW50XC91cGxvYWRzXC8yMDI0XC8wMVwvZm90bzQtMS5qcGVnIiwic2xpZGVzaG93IjoiMjAyMTljYSJ9\" href=\"https:\/\/agrocave.com.br\/wp-content\/uploads\/2024\/01\/foto4-1.jpeg\"><figure class=\"swiper-slide-inner\"><img decoding=\"async\" class=\"swiper-slide-image\" src=\"https:\/\/agrocave.com.br\/wp-content\/uploads\/elementor\/thumbs\/foto4-1-qijrmc6scq9ydb06amemrd87w1kdr684z7zj493dfc.jpeg\" alt=\"foto4.jpeg\" \/><\/figure><\/a><\/div><div class=\"swiper-slide\" role=\"group\" aria-roledescription=\"slide\" aria-label=\"5 de 8\"><a data-elementor-open-lightbox=\"yes\" data-elementor-lightbox-slideshow=\"20219ca\" data-e-action-hash=\"#elementor-action%3Aaction%3Dlightbox%26settings%3DeyJpZCI6IjMzMTUiLCJ1cmwiOiJodHRwczpcL1wvYWdyb2NhdmUuY29tLmJyXC93cC1jb250ZW50XC91cGxvYWRzXC8yMDI0XC8wMVwvZm90bzgtMS5qcGVnIiwic2xpZGVzaG93IjoiMjAyMTljYSJ9\" href=\"https:\/\/agrocave.com.br\/wp-content\/uploads\/2024\/01\/foto8-1.jpeg\"><figure class=\"swiper-slide-inner\"><img decoding=\"async\" class=\"swiper-slide-image\" src=\"https:\/\/agrocave.com.br\/wp-content\/uploads\/elementor\/thumbs\/foto8-1-qijrmd4mjkb8owyt54t9buzohffqyvbvbcn0lj1z94.jpeg\" alt=\"foto8.jpeg\" \/><\/figure><\/a><\/div><div class=\"swiper-slide\" role=\"group\" aria-roledescription=\"slide\" aria-label=\"6 de 8\"><a data-elementor-open-lightbox=\"yes\" data-elementor-lightbox-slideshow=\"20219ca\" data-e-action-hash=\"#elementor-action%3Aaction%3Dlightbox%26settings%3DeyJpZCI6IjMzMTgiLCJ1cmwiOiJodHRwczpcL1wvYWdyb2NhdmUuY29tLmJyXC93cC1jb250ZW50XC91cGxvYWRzXC8yMDI0XC8wMVwvZm90bzctMS5qcGVnIiwic2xpZGVzaG93IjoiMjAyMTljYSJ9\" href=\"https:\/\/agrocave.com.br\/wp-content\/uploads\/2024\/01\/foto7-1.jpeg\"><figure class=\"swiper-slide-inner\"><img decoding=\"async\" class=\"swiper-slide-image\" src=\"https:\/\/agrocave.com.br\/wp-content\/uploads\/elementor\/thumbs\/foto7-1-qijrmf0ax8dtc4w2u5miguilo76he9jbzlxzk2z6wo.jpeg\" alt=\"foto7.jpeg\" \/><\/figure><\/a><\/div><div class=\"swiper-slide\" role=\"group\" aria-roledescription=\"slide\" aria-label=\"7 de 8\"><a data-elementor-open-lightbox=\"yes\" data-elementor-lightbox-slideshow=\"20219ca\" data-e-action-hash=\"#elementor-action%3Aaction%3Dlightbox%26settings%3DeyJpZCI6IjMzMjEiLCJ1cmwiOiJodHRwczpcL1wvYWdyb2NhdmUuY29tLmJyXC93cC1jb250ZW50XC91cGxvYWRzXC8yMDI0XC8wMVwvZm90bzYtMS5qcGVnIiwic2xpZGVzaG93IjoiMjAyMTljYSJ9\" href=\"https:\/\/agrocave.com.br\/wp-content\/uploads\/2024\/01\/foto6-1.jpeg\"><figure class=\"swiper-slide-inner\"><img decoding=\"async\" class=\"swiper-slide-image\" src=\"https:\/\/agrocave.com.br\/wp-content\/uploads\/elementor\/thumbs\/foto6-1-qijrmfy542f3nqupoo151ca29l1ulyn2bqlh1cxsqg.jpeg\" alt=\"foto6.jpeg\" \/><\/figure><\/a><\/div><div class=\"swiper-slide\" role=\"group\" aria-roledescription=\"slide\" aria-label=\"8 de 8\"><a data-elementor-open-lightbox=\"yes\" data-elementor-lightbox-slideshow=\"20219ca\" data-e-action-hash=\"#elementor-action%3Aaction%3Dlightbox%26settings%3DeyJpZCI6IjMzMjQiLCJ1cmwiOiJodHRwczpcL1wvYWdyb2NhdmUuY29tLmJyXC93cC1jb250ZW50XC91cGxvYWRzXC8yMDI0XC8wMVwvZm90bzMtMS5qcGVnIiwic2xpZGVzaG93IjoiMjAyMTljYSJ9\" href=\"https:\/\/agrocave.com.br\/wp-content\/uploads\/2024\/01\/foto3-1.jpeg\"><figure class=\"swiper-slide-inner\"><img decoding=\"async\" class=\"swiper-slide-image\" src=\"https:\/\/agrocave.com.br\/wp-content\/uploads\/elementor\/thumbs\/foto3-1-qijrmgvzawgdzctcj6frlu1iuyx7tnqsnv8yimwek8.jpeg\" alt=\"foto3.jpeg\" \/><\/figure><\/a><\/div>\t\t\t<\/div>\n\t\t\t\t\t\t\t\t\t\t\t\t<div class=\"elementor-swiper-button elementor-swiper-button-prev\" role=\"button\" tabindex=\"0\">\n\t\t\t\t\t\t<svg aria-hidden=\"true\" class=\"e-font-icon-svg e-eicon-chevron-left\" viewBox=\"0 0 1000 1000\" xmlns=\"http:\/\/www.w3.org\/2000\/svg\"><path d=\"M646 125C629 125 613 133 604 142L308 442C296 454 292 471 292 487 292 504 296 521 308 533L604 854C617 867 629 875 646 875 663 875 679 871 692 858 704 846 713 829 713 812 713 796 708 779 692 767L438 487 692 225C700 217 708 204 708 187 708 171 704 154 692 142 675 129 663 125 646 125Z\"><\/path><\/svg>\t\t\t\t\t<\/div>\n\t\t\t\t\t<div class=\"elementor-swiper-button elementor-swiper-button-next\" role=\"button\" tabindex=\"0\">\n\t\t\t\t\t\t<svg aria-hidden=\"true\" class=\"e-font-icon-svg e-eicon-chevron-right\" viewBox=\"0 0 1000 1000\" xmlns=\"http:\/\/www.w3.org\/2000\/svg\"><path d=\"M696 533C708 521 713 504 713 487 713 471 708 454 696 446L400 146C388 133 375 125 354 125 338 125 325 129 313 142 300 154 292 171 292 187 292 204 296 221 308 233L563 492 304 771C292 783 288 800 288 817 288 833 296 850 308 863 321 871 338 875 354 875 371 875 388 867 400 854L696 533Z\"><\/path><\/svg>\t\t\t\t\t<\/div>\n\t\t\t\t\n\t\t\t\t\t\t\t\t\t<\/div>\n\t\t\t\t\t\t<\/div>\n\t\t\t\t<\/div>\n\t\t\t\t<div class=\"elementor-element elementor-element-a12bf10 elementor-widget elementor-widget-text-editor\" data-id=\"a12bf10\" data-element_type=\"widget\" data-e-type=\"widget\" data-widget_type=\"text-editor.default\">\n\t\t\t\t<div class=\"elementor-widget-container\">\n\t\t\t\t\t\t\t\t\t<p>Brasil es reconocido por sus reba\u00f1os de razas superiores, por la alta calidad de los productos de prote\u00edna animal, desde carne fresca, leche y miles de productos que requieren prote\u00edna animal. Brasil lidera la producci\u00f3n y exportaci\u00f3n mundial de carnes rojas, porcinas, aves y tambi\u00e9n tiene participaci\u00f3n relevante en la creaci\u00f3n de reba\u00f1os de ovejas, cabras y caballos. Es en este exigente entorno de mercado donde <strong>AGROCAVE<\/strong> construy\u00f3 su reputaci\u00f3n durante m\u00e1s de 25 a\u00f1os, suministrando a agricultores, ganaderos cualificados y promotores de reba\u00f1os.<\/p><p><strong>AGROCAVE<\/strong> participa en el proceso de alimentaci\u00f3n y en las diferentes etapas de la vida de los animales. Sobre todo, confiamos en la calidad de nuestros productos y en nuestra experiencia en el desarrollo de soluciones para animales de granja. Adem\u00e1s, tambi\u00e9n desarrollamos productos para el mercado de Mascotas con nuestros Suplementos para Perros y Gatos, siendo Brasil el segundo mercado de Mascotas m\u00e1s grande del mundo. Descubre nuestro portafolio de productos para mascotas y nuestra marca propia <strong>\u201cORGANO\u201d<\/strong>.<\/p><p>Reci\u00e9n iniciamos nuestros esfuerzos de internacionalizaci\u00f3n a partir de 2021 con procesos en marcha en los mercados de Chile, Paraguay, Ecuador, Panam\u00e1, Estados Unidos, \u00c1frica y Europa del Este.<\/p><p>Nuestros productos son f\u00e1ciles de aplicar, pero muy complejos de desarrollar. Nuestro principal activo comercial es comprender mejor el sistema gastrointestinal de los animales para una mejor absorci\u00f3n de los nutrientes de acuerdo con las necesidades del reba\u00f1o. Saber esto requiere de mucho conocimiento pr\u00e1ctico acumulado y estudios constantes sobre nutrici\u00f3n animal, y nuestro equipo profesional de Veterinarios es excelente en esto.<\/p><p>Peque\u00f1as cantidades de nuestros productos mezclados con el alimento habitual del animal, logran grandes resultados en su salud con rentabilidad para los criadores, reduciendo costos en medicamentos y veterinarios.<\/p><p>Para eso est\u00e1n los productos <strong>AGROCAVE<\/strong>. Sin ingredientes farmac\u00e9uticos, sin hormonas, sin prote\u00ednas de origen animal.<\/p><p>El secreto est\u00e1 en nuestro largo recorrido de experiencia con animales, y en la alquimia de las composiciones de nuestros productos.<\/p><p>Cualquiera que sea su proyecto de distribuci\u00f3n comercial, marca privada o mejora gen\u00e9tica, cuente con <strong>AGROCAVE<\/strong> para obtener los mejores resultados.<\/p>\t\t\t\t\t\t\t\t<\/div>\n\t\t\t\t<\/div>\n\t\t\t\t<\/div>\n\t\t\t\t\t<\/div>\n\t\t\t\t<\/div>\n\t\t\t\t<\/div>\n\t\t","protected":false},"excerpt":{"rendered":"<p>MERCADO INTERNACIONAL Calidad y tecnolog\u00eda brasile\u00f1a para el mundo Brasil es reconocido por sus reba\u00f1os de razas superiores, por la alta calidad de los productos de prote\u00edna animal, desde carne fresca, leche y miles de productos que requieren prote\u00edna animal. Brasil lidera la producci\u00f3n y exportaci\u00f3n mundial de carnes rojas, porcinas, aves y tambi\u00e9n tiene [&hellip;]<\/p>\n","protected":false},"author":2,"featured_media":0,"parent":0,"menu_order":0,"comment_status":"closed","ping_status":"closed","template":"","meta":{"inline_featured_image":false,"footnotes":""},"class_list":["post-2777","page","type-page","status-publish","hentry"],"_links":{"self":[{"href":"https:\/\/agrocave.com.br\/es\/wp-json\/wp\/v2\/pages\/2777","targetHints":{"allow":["GET"]}}],"collection":[{"href":"https:\/\/agrocave.com.br\/es\/wp-json\/wp\/v2\/pages"}],"about":[{"href":"https:\/\/agrocave.com.br\/es\/wp-json\/wp\/v2\/types\/page"}],"author":[{"embeddable":true,"href":"https:\/\/agrocave.com.br\/es\/wp-json\/wp\/v2\/users\/2"}],"replies":[{"embeddable":true,"href":"https:\/\/agrocave.com.br\/es\/wp-json\/wp\/v2\/comments?post=2777"}],"version-history":[{"count":40,"href":"https:\/\/agrocave.com.br\/es\/wp-json\/wp\/v2\/pages\/2777\/revisions"}],"predecessor-version":[{"id":3594,"href":"https:\/\/agrocave.com.br\/es\/wp-json\/wp\/v2\/pages\/2777\/revisions\/3594"}],"wp:attachment":[{"href":"https:\/\/agrocave.com.br\/es\/wp-json\/wp\/v2\/media?parent=2777"}],"curies":[{"name":"wp","href":"https:\/\/api.w.org\/{rel}","templated":true}]}}